{"id":120820,"date":"2026-01-06T13:13:15","date_gmt":"2026-01-06T16:13:15","guid":{"rendered":"https:\/\/paratucelu.com.ar\/tienda\/?post_type=product&#038;p=120820"},"modified":"2026-03-31T12:54:07","modified_gmt":"2026-03-31T15:54:07","slug":"tpu-transparente-antigolpe-motorola-e15-g05-c-proteccion-de-camara-copia-3","status":"publish","type":"product","link":"https:\/\/paratucelu.com.ar\/tienda\/producto\/tpu-transparente-antigolpe-motorola-e15-g05-c-proteccion-de-camara-copia-3\/","title":{"rendered":"Funda Tpu Antigolpe Flexible Para Motorola G06"},"content":{"rendered":"<p>Funda transparente flexible con refuerzos en los v\u00e9rtices para garantizar la mejor protecci\u00f3n para tu celular.<br \/>\n***Antes de ofertar verificar el modelo EXACTO que busc\u00e1s** Las fundas son distintas y no son compatibles entre modelos** <\/p>\n<p>Algunas im\u00e1genes son mas mostrar el dise\u00f1o de la funda, por favor realice todas sus consultas antes de ofertar, siempre estamos atentos a sus preguntas.<\/p>\n<p>Estamos en:<br \/>\n* Rosario, Santa Fe<br \/>\n* Lunes a viernes de 9.30 a 18 hs.<\/p>\n","protected":false},"excerpt":{"rendered":"<p>Funda transparente flexible con refuerzos en los v\u00e9rtices para garantizar la mejor protecci\u00f3n para tu celular. ***Antes de ofertar verificar el modelo EXACTO que busc\u00e1s** Las fundas son distintas y no son compatibles entre modelos** Algunas im\u00e1genes son mas mostrar el dise\u00f1o de la funda, por favor realice todas sus consultas antes de ofertar, siempre [&#8230;]\n","protected":false},"featured_media":121419,"template":"","meta":[],"product_brand":[],"product_cat":[1540],"product_tag":[1537],"class_list":{"0":"post-120820","1":"product","2":"type-product","3":"status-publish","4":"has-post-thumbnail","6":"product_cat-accesorios-para-celulares","7":"product_tag-g06","9":"first","10":"outofstock","11":"shipping-taxable","12":"purchasable","13":"product-type-simple"},"_links":{"self":[{"href":"https:\/\/paratucelu.com.ar\/tienda\/wp-json\/wp\/v2\/product\/120820","targetHints":{"allow":["GET"]}}],"collection":[{"href":"https:\/\/paratucelu.com.ar\/tienda\/wp-json\/wp\/v2\/product"}],"about":[{"href":"https:\/\/paratucelu.com.ar\/tienda\/wp-json\/wp\/v2\/types\/product"}],"wp:featuredmedia":[{"embeddable":true,"href":"https:\/\/paratucelu.com.ar\/tienda\/wp-json\/wp\/v2\/media\/121419"}],"wp:attachment":[{"href":"https:\/\/paratucelu.com.ar\/tienda\/wp-json\/wp\/v2\/media?parent=120820"}],"wp:term":[{"taxonomy":"product_brand","embeddable":true,"href":"https:\/\/paratucelu.com.ar\/tienda\/wp-json\/wp\/v2\/product_brand?post=120820"},{"taxonomy":"product_cat","embeddable":true,"href":"https:\/\/paratucelu.com.ar\/tienda\/wp-json\/wp\/v2\/product_cat?post=120820"},{"taxonomy":"product_tag","embeddable":true,"href":"https:\/\/paratucelu.com.ar\/tienda\/wp-json\/wp\/v2\/product_tag?post=120820"}],"curies":[{"name":"wp","href":"https:\/\/api.w.org\/{rel}","templated":true}]}}