{"id":122213,"date":"2026-02-18T12:41:54","date_gmt":"2026-02-18T15:41:54","guid":{"rendered":"https:\/\/paratucelu.com.ar\/tienda\/producto\/producto\/"},"modified":"2026-04-13T22:25:08","modified_gmt":"2026-04-14T01:25:08","slug":"funda-antigolpe-transparente-redmi-a5-poco-c71-transparente-redmi-a5-poco-c71","status":"publish","type":"product","link":"https:\/\/paratucelu.com.ar\/tienda\/producto\/funda-antigolpe-transparente-redmi-a5-poco-c71-transparente-redmi-a5-poco-c71\/","title":{"rendered":"Funda Antigolpe Transparente Redmi A5 Poco C71"},"content":{"rendered":"<p>Funda Flexible Transparente Anti Golpes. Excelente protecci\u00f3n. Pesta\u00f1as en los v\u00e9rtices de ambos lados para protecci\u00f3n del vidrio y la c\u00e1mara.<\/p>\n","protected":false},"excerpt":{"rendered":"<p>Funda Flexible Transparente Anti Golpes. Excelente protecci\u00f3n. Pesta\u00f1as en los v\u00e9rtices de ambos lados para protecci\u00f3n del vidrio y la c\u00e1mara.<\/p>\n","protected":false},"featured_media":122214,"template":"","meta":[],"product_brand":[],"product_cat":[1540],"product_tag":[],"class_list":{"0":"post-122213","1":"product","2":"type-product","3":"status-publish","4":"has-post-thumbnail","6":"product_cat-accesorios-para-celulares","8":"first","9":"instock","10":"shipping-taxable","11":"purchasable","12":"product-type-simple"},"_links":{"self":[{"href":"https:\/\/paratucelu.com.ar\/tienda\/wp-json\/wp\/v2\/product\/122213","targetHints":{"allow":["GET"]}}],"collection":[{"href":"https:\/\/paratucelu.com.ar\/tienda\/wp-json\/wp\/v2\/product"}],"about":[{"href":"https:\/\/paratucelu.com.ar\/tienda\/wp-json\/wp\/v2\/types\/product"}],"wp:featuredmedia":[{"embeddable":true,"href":"https:\/\/paratucelu.com.ar\/tienda\/wp-json\/wp\/v2\/media\/122214"}],"wp:attachment":[{"href":"https:\/\/paratucelu.com.ar\/tienda\/wp-json\/wp\/v2\/media?parent=122213"}],"wp:term":[{"taxonomy":"product_brand","embeddable":true,"href":"https:\/\/paratucelu.com.ar\/tienda\/wp-json\/wp\/v2\/product_brand?post=122213"},{"taxonomy":"product_cat","embeddable":true,"href":"https:\/\/paratucelu.com.ar\/tienda\/wp-json\/wp\/v2\/product_cat?post=122213"},{"taxonomy":"product_tag","embeddable":true,"href":"https:\/\/paratucelu.com.ar\/tienda\/wp-json\/wp\/v2\/product_tag?post=122213"}],"curies":[{"name":"wp","href":"https:\/\/api.w.org\/{rel}","templated":true}]}}