{"id":123193,"date":"2026-03-21T12:05:50","date_gmt":"2026-03-21T15:05:50","guid":{"rendered":"https:\/\/paratucelu.com.ar\/tienda\/?post_type=product&#038;p=123193"},"modified":"2026-03-25T19:33:01","modified_gmt":"2026-03-25T22:33:01","slug":"cordon-correa-colgante-para-celular-copia-3","status":"publish","type":"product","link":"https:\/\/paratucelu.com.ar\/tienda\/producto\/cordon-correa-colgante-para-celular-copia-3\/","title":{"rendered":"CORDON CORREA MU\u00d1EQUERA PARA FUNDA DE CELULAR"},"content":{"rendered":"<p>Funda sumergible.<\/p>\n<p>Generica.<\/p>\n<p>Waterproof: a prueba de agua.<\/p>\n<p>Paso de sonido.<\/p>\n<p>No anula touch.<\/p>\n<p>Fotos claras.<\/p>\n<p>Incluye banda para brazo y correa.<\/p>\n","protected":false},"excerpt":{"rendered":"<p>Se coloca en tu funda, a trav\u00e9s del puerto del carga. Es compatible con todas las fundas! Solo retira el celular de la funda, apoya al adaptador con la felpa hacia arriba, desplaza la leng\u00fceta a trav\u00e9s del puerto de carga y listo. Solo resta colocar el gancho mosquet\u00f3n del cord\u00f3n.<\/p>\n<p>Cord\u00f3n universal premium, forrado, lavable, deslizable, hipoalerg\u00e9nico y el mas resistente del mercado! Mantiene tu tel\u00e9fono protegido y accesible en todo momento.<\/p>\n","protected":false},"featured_media":123195,"template":"","meta":[],"product_brand":[],"product_cat":[866],"product_tag":[890],"class_list":{"0":"post-123193","1":"product","2":"type-product","3":"status-publish","4":"has-post-thumbnail","6":"product_cat-pequeneces","7":"product_tag-otras-fundas-universales","9":"first","10":"outofstock","11":"shipping-taxable","12":"purchasable","13":"product-type-simple"},"_links":{"self":[{"href":"https:\/\/paratucelu.com.ar\/tienda\/wp-json\/wp\/v2\/product\/123193","targetHints":{"allow":["GET"]}}],"collection":[{"href":"https:\/\/paratucelu.com.ar\/tienda\/wp-json\/wp\/v2\/product"}],"about":[{"href":"https:\/\/paratucelu.com.ar\/tienda\/wp-json\/wp\/v2\/types\/product"}],"wp:featuredmedia":[{"embeddable":true,"href":"https:\/\/paratucelu.com.ar\/tienda\/wp-json\/wp\/v2\/media\/123195"}],"wp:attachment":[{"href":"https:\/\/paratucelu.com.ar\/tienda\/wp-json\/wp\/v2\/media?parent=123193"}],"wp:term":[{"taxonomy":"product_brand","embeddable":true,"href":"https:\/\/paratucelu.com.ar\/tienda\/wp-json\/wp\/v2\/product_brand?post=123193"},{"taxonomy":"product_cat","embeddable":true,"href":"https:\/\/paratucelu.com.ar\/tienda\/wp-json\/wp\/v2\/product_cat?post=123193"},{"taxonomy":"product_tag","embeddable":true,"href":"https:\/\/paratucelu.com.ar\/tienda\/wp-json\/wp\/v2\/product_tag?post=123193"}],"curies":[{"name":"wp","href":"https:\/\/api.w.org\/{rel}","templated":true}]}}