{"id":35394,"date":"2020-07-20T10:10:17","date_gmt":"2020-07-20T13:10:17","guid":{"rendered":"https:\/\/paratucelu.com.ar\/tienda?post_type=product&#038;p=35394"},"modified":"2025-04-14T16:46:03","modified_gmt":"2025-04-14T19:46:03","slug":"auriculares-manos-libres-s150-col-surtidos-copia","status":"publish","type":"product","link":"https:\/\/paratucelu.com.ar\/tienda\/producto\/auriculares-manos-libres-s150-col-surtidos-copia\/","title":{"rendered":"AURICULAR MLIBRES SAM J5 CTROL DE VOLUMEN BL\/NG"},"content":{"rendered":"<p>AURICULARES SOUL 389<\/p>\n<p>Caracter\u00edsticas:<br \/>\n&#8211; 3,5mm<br \/>\n&#8211; Dispone de micr\u00f3fono<br \/>\n&#8211; Tama\u00f1o del auricular: 13,55mm<br \/>\n&#8211; Frecuencia: 20-20,000Hz<br \/>\n&#8211; Impedancia: 32 Ohms<br \/>\n&#8211; Largo 120cm<\/p>\n","protected":false},"excerpt":{"rendered":"<p>AURICULARES SOUL 389 Caracter\u00edsticas: &#8211; 3,5mm &#8211; Dispone de micr\u00f3fono &#8211; Tama\u00f1o del auricular: 13,55mm &#8211; Frecuencia: 20-20,000Hz &#8211; Impedancia: 32 Ohms &#8211; Largo 120cm<\/p>\n","protected":false},"featured_media":68031,"template":"","meta":[],"product_brand":[],"product_cat":[36],"product_tag":[886],"class_list":{"0":"post-35394","1":"product","2":"type-product","3":"status-publish","4":"has-post-thumbnail","6":"product_cat-st","7":"product_tag-auriculares","9":"first","10":"outofstock","11":"shipping-taxable","12":"purchasable","13":"product-type-simple"},"_links":{"self":[{"href":"https:\/\/paratucelu.com.ar\/tienda\/wp-json\/wp\/v2\/product\/35394","targetHints":{"allow":["GET"]}}],"collection":[{"href":"https:\/\/paratucelu.com.ar\/tienda\/wp-json\/wp\/v2\/product"}],"about":[{"href":"https:\/\/paratucelu.com.ar\/tienda\/wp-json\/wp\/v2\/types\/product"}],"wp:featuredmedia":[{"embeddable":true,"href":"https:\/\/paratucelu.com.ar\/tienda\/wp-json\/wp\/v2\/media\/68031"}],"wp:attachment":[{"href":"https:\/\/paratucelu.com.ar\/tienda\/wp-json\/wp\/v2\/media?parent=35394"}],"wp:term":[{"taxonomy":"product_brand","embeddable":true,"href":"https:\/\/paratucelu.com.ar\/tienda\/wp-json\/wp\/v2\/product_brand?post=35394"},{"taxonomy":"product_cat","embeddable":true,"href":"https:\/\/paratucelu.com.ar\/tienda\/wp-json\/wp\/v2\/product_cat?post=35394"},{"taxonomy":"product_tag","embeddable":true,"href":"https:\/\/paratucelu.com.ar\/tienda\/wp-json\/wp\/v2\/product_tag?post=35394"}],"curies":[{"name":"wp","href":"https:\/\/api.w.org\/{rel}","templated":true}]}}