{"id":36684,"date":"2020-08-14T11:03:01","date_gmt":"2020-08-14T14:03:01","guid":{"rendered":"https:\/\/paratucelu.com.ar\/tienda?post_type=product&#038;p=36684"},"modified":"2026-04-14T11:24:14","modified_gmt":"2026-04-14T14:24:14","slug":"auricular-inalambrico-bluetooth-sports-copia","status":"publish","type":"product","link":"https:\/\/paratucelu.com.ar\/tienda\/producto\/auricular-inalambrico-bluetooth-sports-copia\/","title":{"rendered":"AURICULAR VINCHA BT P47. 2 EN 1 BT Y CABLE"},"content":{"rendered":"<p>Auriculares P47 &#8211; Bluetooth + manos libres + Radio + SD<br \/>\nEste auricular es compatible con iOS, Android y Windows. Cuenta con micr\u00f3fono incorporado, Bluetooth, micro-SD.<\/p>\n<p>Microfono Sensible que proporciona llamadas de voz claras.<br \/>\nAisla el ruido ambiental Plegable y f\u00e1cil de usar.<br \/>\nCaracter\u00edsticas:<\/p>\n<p>Funciones: Radio + SD + Bluetooth<br \/>\nDistancia maxima de Bluetooth: 10mts.<br \/>\nTecolog\u00eda de reducci\u00f3n de ruido: DPS procesador de se\u00f1al digital<br \/>\nTiempo de carga:3 horas<br \/>\nTiempo de reproduccion por Bluetooth: 2\/4 horas<br \/>\nTiempo de Stand By: hasta 10 horas<\/p>\n","protected":false},"excerpt":{"rendered":"<p>Auriculares P47 &#8211; Bluetooth + manos libres + Radio + SD Este auricular es compatible con iOS, Android y Windows. Cuenta con micr\u00f3fono incorporado, Bluetooth, micro-SD. Microfono Sensible que proporciona llamadas de voz claras. Aisla el ruido ambiental Plegable y f\u00e1cil de usar. Caracter\u00edsticas: Funciones: Radio + SD + Bluetooth Distancia maxima de Bluetooth: 10mts. [&#8230;]\n","protected":false},"featured_media":78497,"template":"","meta":[],"product_brand":[],"product_cat":[36],"product_tag":[887],"class_list":{"0":"post-36684","1":"product","2":"type-product","3":"status-publish","4":"has-post-thumbnail","6":"product_cat-st","7":"product_tag-inalambrico-bt","9":"first","10":"outofstock","11":"shipping-taxable","12":"purchasable","13":"product-type-simple"},"_links":{"self":[{"href":"https:\/\/paratucelu.com.ar\/tienda\/wp-json\/wp\/v2\/product\/36684","targetHints":{"allow":["GET"]}}],"collection":[{"href":"https:\/\/paratucelu.com.ar\/tienda\/wp-json\/wp\/v2\/product"}],"about":[{"href":"https:\/\/paratucelu.com.ar\/tienda\/wp-json\/wp\/v2\/types\/product"}],"wp:featuredmedia":[{"embeddable":true,"href":"https:\/\/paratucelu.com.ar\/tienda\/wp-json\/wp\/v2\/media\/78497"}],"wp:attachment":[{"href":"https:\/\/paratucelu.com.ar\/tienda\/wp-json\/wp\/v2\/media?parent=36684"}],"wp:term":[{"taxonomy":"product_brand","embeddable":true,"href":"https:\/\/paratucelu.com.ar\/tienda\/wp-json\/wp\/v2\/product_brand?post=36684"},{"taxonomy":"product_cat","embeddable":true,"href":"https:\/\/paratucelu.com.ar\/tienda\/wp-json\/wp\/v2\/product_cat?post=36684"},{"taxonomy":"product_tag","embeddable":true,"href":"https:\/\/paratucelu.com.ar\/tienda\/wp-json\/wp\/v2\/product_tag?post=36684"}],"curies":[{"name":"wp","href":"https:\/\/api.w.org\/{rel}","templated":true}]}}