{"id":37716,"date":"2020-09-02T12:05:01","date_gmt":"2020-09-02T15:05:01","guid":{"rendered":"https:\/\/paratucelu.com.ar\/tienda?post_type=product&#038;p=37716"},"modified":"2025-04-14T16:46:07","modified_gmt":"2025-04-14T19:46:07","slug":"auricular-vincha-soul-urban-l100-negro-y-rosa-copia","status":"publish","type":"product","link":"https:\/\/paratucelu.com.ar\/tienda\/producto\/auricular-vincha-soul-urban-l100-negro-y-rosa-copia\/","title":{"rendered":"RELOJ XIAOMI MI BAND 3"},"content":{"rendered":"<p>AURICULARES SOUL 389<\/p>\n<p>Caracter\u00edsticas:<br \/>&#8211; 3,5mm<br \/>&#8211; Dispone de micr\u00f3fono<br \/>&#8211; Tama\u00f1o del auricular: 13,55mm<br \/>&#8211; Frecuencia: 20-20,000Hz<br \/>&#8211; Impedancia: 32 Ohms<br \/>&#8211; Largo 120cm<\/p>\n","protected":false},"excerpt":{"rendered":"<p>AURICULARES SOUL 389 Caracter\u00edsticas:&#8211; 3,5mm&#8211; Dispone de micr\u00f3fono&#8211; Tama\u00f1o del auricular: 13,55mm&#8211; Frecuencia: 20-20,000Hz&#8211; Impedancia: 32 Ohms&#8211; Largo 120cm<\/p>\n","protected":false},"featured_media":33390,"template":"","meta":[],"product_brand":[],"product_cat":[36],"product_tag":[886],"class_list":{"0":"post-37716","1":"product","2":"type-product","3":"status-publish","4":"has-post-thumbnail","6":"product_cat-st","7":"product_tag-auriculares","9":"first","10":"outofstock","11":"shipping-taxable","12":"purchasable","13":"product-type-simple"},"_links":{"self":[{"href":"https:\/\/paratucelu.com.ar\/tienda\/wp-json\/wp\/v2\/product\/37716","targetHints":{"allow":["GET"]}}],"collection":[{"href":"https:\/\/paratucelu.com.ar\/tienda\/wp-json\/wp\/v2\/product"}],"about":[{"href":"https:\/\/paratucelu.com.ar\/tienda\/wp-json\/wp\/v2\/types\/product"}],"wp:featuredmedia":[{"embeddable":true,"href":"https:\/\/paratucelu.com.ar\/tienda\/wp-json\/wp\/v2\/media\/33390"}],"wp:attachment":[{"href":"https:\/\/paratucelu.com.ar\/tienda\/wp-json\/wp\/v2\/media?parent=37716"}],"wp:term":[{"taxonomy":"product_brand","embeddable":true,"href":"https:\/\/paratucelu.com.ar\/tienda\/wp-json\/wp\/v2\/product_brand?post=37716"},{"taxonomy":"product_cat","embeddable":true,"href":"https:\/\/paratucelu.com.ar\/tienda\/wp-json\/wp\/v2\/product_cat?post=37716"},{"taxonomy":"product_tag","embeddable":true,"href":"https:\/\/paratucelu.com.ar\/tienda\/wp-json\/wp\/v2\/product_tag?post=37716"}],"curies":[{"name":"wp","href":"https:\/\/api.w.org\/{rel}","templated":true}]}}