{"id":40306,"date":"2020-10-15T11:23:04","date_gmt":"2020-10-15T14:23:04","guid":{"rendered":"https:\/\/paratucelu.com.ar\/tienda?post_type=product&#038;p=40306"},"modified":"2025-04-14T16:46:08","modified_gmt":"2025-04-14T19:46:08","slug":"llega-viernes16-cargador-inalambrico-base-plato-fantasy-copia","status":"publish","type":"product","link":"https:\/\/paratucelu.com.ar\/tienda\/producto\/llega-viernes16-cargador-inalambrico-base-plato-fantasy-copia\/","title":{"rendered":"CARGADOR INALAMBRICO BASE PLATO QI Q13  BLANCO"},"content":{"rendered":"<p>&nbsp;<\/p>\n<p>Modelos compatibles Samsung Galaxy S6 edge en adelante, note 5 en adelante<\/p>\n<p>Iphone 8 en adelante<\/p>\n<p>Motorola G5 en adelante<\/p>\n<p>-Conveniente para la mayor\u00eda de los tel\u00e9fonos inteligentes y tabletas (por favor aseg\u00farese que su dispositivo tiene receptor inal\u00e1mbrico incorporado).<\/p>\n<p>-Con superficie antideslizante silicona est\u00e1 parado para la colocaci\u00f3n estable del dispositivo.<\/p>\n<p>-Sistema de identificaci\u00f3n inteligente que permite colocar directamente el tel\u00e9fono para cargar.<\/p>\n<p>-Cortocircuito del receptor para evitar sobrecarga y sobrecalentamiento.<\/p>\n<p>&nbsp;<\/p>\n","protected":false},"excerpt":{"rendered":"<p>&nbsp; Modelos compatibles Samsung Galaxy S6 edge en adelante, note 5 en adelante Iphone 8 en adelante Motorola G5 en adelante -Conveniente para la mayor\u00eda de los tel\u00e9fonos inteligentes y tabletas (por favor aseg\u00farese que su dispositivo tiene receptor inal\u00e1mbrico incorporado). -Con superficie antideslizante silicona est\u00e1 parado para la colocaci\u00f3n estable del dispositivo. -Sistema de [&#8230;]\n","protected":false},"featured_media":89700,"template":"","meta":[],"product_brand":[],"product_cat":[852],"product_tag":[881],"class_list":{"0":"post-40306","1":"product","2":"type-product","3":"status-publish","4":"has-post-thumbnail","6":"product_cat-cargador-de-pared","7":"product_tag-cargvarios","9":"first","10":"outofstock","11":"shipping-taxable","12":"purchasable","13":"product-type-simple"},"_links":{"self":[{"href":"https:\/\/paratucelu.com.ar\/tienda\/wp-json\/wp\/v2\/product\/40306","targetHints":{"allow":["GET"]}}],"collection":[{"href":"https:\/\/paratucelu.com.ar\/tienda\/wp-json\/wp\/v2\/product"}],"about":[{"href":"https:\/\/paratucelu.com.ar\/tienda\/wp-json\/wp\/v2\/types\/product"}],"wp:featuredmedia":[{"embeddable":true,"href":"https:\/\/paratucelu.com.ar\/tienda\/wp-json\/wp\/v2\/media\/89700"}],"wp:attachment":[{"href":"https:\/\/paratucelu.com.ar\/tienda\/wp-json\/wp\/v2\/media?parent=40306"}],"wp:term":[{"taxonomy":"product_brand","embeddable":true,"href":"https:\/\/paratucelu.com.ar\/tienda\/wp-json\/wp\/v2\/product_brand?post=40306"},{"taxonomy":"product_cat","embeddable":true,"href":"https:\/\/paratucelu.com.ar\/tienda\/wp-json\/wp\/v2\/product_cat?post=40306"},{"taxonomy":"product_tag","embeddable":true,"href":"https:\/\/paratucelu.com.ar\/tienda\/wp-json\/wp\/v2\/product_tag?post=40306"}],"curies":[{"name":"wp","href":"https:\/\/api.w.org\/{rel}","templated":true}]}}