{"id":44374,"date":"2021-01-28T12:37:35","date_gmt":"2021-01-28T15:37:35","guid":{"rendered":"https:\/\/paratucelu.com.ar\/tienda?post_type=product&#038;p=44374"},"modified":"2021-06-03T18:50:10","modified_gmt":"2021-06-03T21:50:10","slug":"soporte-tv-fijo-14-a-42-con-accesorios-copia","status":"publish","type":"product","link":"https:\/\/paratucelu.com.ar\/tienda\/producto\/soporte-tv-fijo-14-a-42-con-accesorios-copia\/","title":{"rendered":"SOPORTE UNIVERSAL PARA TV MONITOR 42 a 55&#8221;"},"content":{"rendered":"<p>SOPORTE UNIVERSAL PARA TELEVISORES Y MONITORES TIPO FLAT.<\/p>\n<p>MODELO SOFI02<\/p>\n<p>MARCA VINXIE<\/p>\n<p>-Incluye kit de accesorios para instalaci\u00f3n.<\/p>\n<p>-Peso m\u00e1ximo que soporta: 40kg.<\/p>\n<p>-Tama\u00f1o de LCD: hasta 40&#8243;.<\/p>\n<p>-Tama\u00f1o de TV LED: hasta 65&#8243;.<\/p>\n<p>-Standard VESA: 200&#215;200 400&#215;400.<\/p>\n<p>&nbsp;<\/p>\n","protected":false},"excerpt":{"rendered":"<p>SOPORTE UNIVERSAL PARA TELEVISORES Y MONITORES TIPO FLAT. MODELO SOFI02 MARCA VINXIE -Incluye kit de accesorios para instalaci\u00f3n. -Peso m\u00e1ximo que soporta: 40kg. -Tama\u00f1o de LCD: hasta 40&#8243;. -Tama\u00f1o de TV LED: hasta 65&#8243;. -Standard VESA: 200&#215;200 400&#215;400. &nbsp;<\/p>\n","protected":false},"featured_media":44376,"template":"","meta":[],"product_brand":[],"product_cat":[866,1017],"product_tag":[885],"class_list":{"0":"post-44374","1":"product","2":"type-product","3":"status-publish","4":"has-post-thumbnail","6":"product_cat-pequeneces","7":"product_cat-soportes-y-holders","8":"product_tag-soportes","10":"first","11":"outofstock","12":"shipping-taxable","13":"purchasable","14":"product-type-simple"},"_links":{"self":[{"href":"https:\/\/paratucelu.com.ar\/tienda\/wp-json\/wp\/v2\/product\/44374","targetHints":{"allow":["GET"]}}],"collection":[{"href":"https:\/\/paratucelu.com.ar\/tienda\/wp-json\/wp\/v2\/product"}],"about":[{"href":"https:\/\/paratucelu.com.ar\/tienda\/wp-json\/wp\/v2\/types\/product"}],"wp:featuredmedia":[{"embeddable":true,"href":"https:\/\/paratucelu.com.ar\/tienda\/wp-json\/wp\/v2\/media\/44376"}],"wp:attachment":[{"href":"https:\/\/paratucelu.com.ar\/tienda\/wp-json\/wp\/v2\/media?parent=44374"}],"wp:term":[{"taxonomy":"product_brand","embeddable":true,"href":"https:\/\/paratucelu.com.ar\/tienda\/wp-json\/wp\/v2\/product_brand?post=44374"},{"taxonomy":"product_cat","embeddable":true,"href":"https:\/\/paratucelu.com.ar\/tienda\/wp-json\/wp\/v2\/product_cat?post=44374"},{"taxonomy":"product_tag","embeddable":true,"href":"https:\/\/paratucelu.com.ar\/tienda\/wp-json\/wp\/v2\/product_tag?post=44374"}],"curies":[{"name":"wp","href":"https:\/\/api.w.org\/{rel}","templated":true}]}}