{"id":49276,"date":"2021-06-18T13:24:51","date_gmt":"2021-06-18T16:24:51","guid":{"rendered":"https:\/\/paratucelu.com.ar\/tienda?post_type=product&#038;p=49276"},"modified":"2024-02-08T16:42:28","modified_gmt":"2024-02-08T19:42:28","slug":"aro-luz-led-pinza-selfie-videocharla-copia-4","status":"publish","type":"product","link":"https:\/\/paratucelu.com.ar\/tienda\/producto\/aro-luz-led-pinza-selfie-videocharla-copia-4\/","title":{"rendered":"ARO LUZ LED TRIPODE SELFIE VIDEO CHAT"},"content":{"rendered":"<p>&nbsp;<\/p>\n<p>&nbsp;<\/p>\n<p>&nbsp;<\/p>\n","protected":false},"excerpt":{"rendered":"<p>&#8211; 3 modos de iluminaci\u00f3n: blanco, amarillo c\u00e1lido y blanco c\u00e1lido.<br \/>&#8211; Regulador de intensidad<br \/>&#8211; 10 modos de intensidad de luz para cada tono<br \/>&#8211; Montaje alza incluida<br \/>&#8211; Di\u00e1metro total 16 Cm<br \/>&#8211; Voltaje: Usb<br \/>&#8211; Gran calidad al mejor precio<br \/>&#8211; Con tr\u00edpode de mesa incluido<br \/>&#8211; Largo del cable 178cm<\/p>\n","protected":false},"featured_media":68710,"template":"","meta":[],"product_brand":[],"product_cat":[1038,1017],"product_tag":[893,1006],"class_list":{"0":"post-49276","1":"product","2":"type-product","3":"status-publish","4":"has-post-thumbnail","6":"product_cat-luz-led","7":"product_cat-soportes-y-holders","8":"product_tag-accesorio","9":"product_tag-regalos","11":"first","12":"outofstock","13":"shipping-taxable","14":"purchasable","15":"product-type-simple"},"_links":{"self":[{"href":"https:\/\/paratucelu.com.ar\/tienda\/wp-json\/wp\/v2\/product\/49276","targetHints":{"allow":["GET"]}}],"collection":[{"href":"https:\/\/paratucelu.com.ar\/tienda\/wp-json\/wp\/v2\/product"}],"about":[{"href":"https:\/\/paratucelu.com.ar\/tienda\/wp-json\/wp\/v2\/types\/product"}],"wp:featuredmedia":[{"embeddable":true,"href":"https:\/\/paratucelu.com.ar\/tienda\/wp-json\/wp\/v2\/media\/68710"}],"wp:attachment":[{"href":"https:\/\/paratucelu.com.ar\/tienda\/wp-json\/wp\/v2\/media?parent=49276"}],"wp:term":[{"taxonomy":"product_brand","embeddable":true,"href":"https:\/\/paratucelu.com.ar\/tienda\/wp-json\/wp\/v2\/product_brand?post=49276"},{"taxonomy":"product_cat","embeddable":true,"href":"https:\/\/paratucelu.com.ar\/tienda\/wp-json\/wp\/v2\/product_cat?post=49276"},{"taxonomy":"product_tag","embeddable":true,"href":"https:\/\/paratucelu.com.ar\/tienda\/wp-json\/wp\/v2\/product_tag?post=49276"}],"curies":[{"name":"wp","href":"https:\/\/api.w.org\/{rel}","templated":true}]}}