{"id":62853,"date":"2022-05-07T12:42:43","date_gmt":"2022-05-07T15:42:43","guid":{"rendered":"https:\/\/paratucelu.com.ar\/tienda?post_type=product&#038;p=62853"},"modified":"2025-04-14T16:46:23","modified_gmt":"2025-04-14T19:46:23","slug":"auriculares-sam-ehs61-s6-calidad-aaa-copia-2","status":"publish","type":"product","link":"https:\/\/paratucelu.com.ar\/tienda\/producto\/auriculares-sam-ehs61-s6-calidad-aaa-copia-2\/","title":{"rendered":"AURICULARES MANOS LIBRES KARSEN JAGGER"},"content":{"rendered":"","protected":false},"excerpt":{"rendered":"<p>Los auriculares Jagger de Karsen, ofrecen calidad, micr\u00f3fono manos libres y dise\u00f1o tradicional a precio incre\u00edble.<\/p>\n<p>Especificaciones t\u00e9cnicas:<br \/>\u2022 Impedancia: 32ohms<br \/>\u2022 Conector: Jack 3.5mm<br \/>\u2022 Largo de Cable: 1.2M<\/p>\n","protected":false},"featured_media":62854,"template":"","meta":[],"product_brand":[],"product_cat":[36],"product_tag":[886],"class_list":{"0":"post-62853","1":"product","2":"type-product","3":"status-publish","4":"has-post-thumbnail","6":"product_cat-st","7":"product_tag-auriculares","9":"first","10":"outofstock","11":"shipping-taxable","12":"purchasable","13":"product-type-simple"},"_links":{"self":[{"href":"https:\/\/paratucelu.com.ar\/tienda\/wp-json\/wp\/v2\/product\/62853","targetHints":{"allow":["GET"]}}],"collection":[{"href":"https:\/\/paratucelu.com.ar\/tienda\/wp-json\/wp\/v2\/product"}],"about":[{"href":"https:\/\/paratucelu.com.ar\/tienda\/wp-json\/wp\/v2\/types\/product"}],"wp:featuredmedia":[{"embeddable":true,"href":"https:\/\/paratucelu.com.ar\/tienda\/wp-json\/wp\/v2\/media\/62854"}],"wp:attachment":[{"href":"https:\/\/paratucelu.com.ar\/tienda\/wp-json\/wp\/v2\/media?parent=62853"}],"wp:term":[{"taxonomy":"product_brand","embeddable":true,"href":"https:\/\/paratucelu.com.ar\/tienda\/wp-json\/wp\/v2\/product_brand?post=62853"},{"taxonomy":"product_cat","embeddable":true,"href":"https:\/\/paratucelu.com.ar\/tienda\/wp-json\/wp\/v2\/product_cat?post=62853"},{"taxonomy":"product_tag","embeddable":true,"href":"https:\/\/paratucelu.com.ar\/tienda\/wp-json\/wp\/v2\/product_tag?post=62853"}],"curies":[{"name":"wp","href":"https:\/\/api.w.org\/{rel}","templated":true}]}}