{"id":77605,"date":"2023-03-01T12:46:03","date_gmt":"2023-03-01T15:46:03","guid":{"rendered":"https:\/\/paratucelu.com.ar\/tienda\/?post_type=product&#038;p=77605"},"modified":"2025-09-15T07:47:33","modified_gmt":"2025-09-15T10:47:33","slug":"cargador-portatil-powerbank-con-ficha-1200mah-copia-2","status":"publish","type":"product","link":"https:\/\/paratucelu.com.ar\/tienda\/producto\/cargador-portatil-powerbank-con-ficha-1200mah-copia-2\/","title":{"rendered":"POWERBANK MAGSAFE"},"content":{"rendered":"<p>La bater\u00eda Para MagSafe se acopla como si nada y su dise\u00f1o es tan compacto que podr\u00e1s llev\u00e1rtela a todas partes. Adem\u00e1s, sus imanes se alinean a la perfecci\u00f3n con el iPhone 12, iPhone 12 Pro, iPhone 13 y iPhone 13 Pro para que puedas cargar el tel\u00e9fono sin cables y de forma segura. Como funciona autom\u00e1ticamente, no hace falta que enciendas ni apagues la bater\u00eda. Tampoco interfiere con tus llaves electr\u00f3nicas ni tus tarjetas de cr\u00e9dito.<\/p>\n<p>Compatibilidad:<br \/>iPhone 13 Pro<br \/>iPhone 13 Pro Max<br \/>iPhone 13 mini<br \/>iPhone 13<br \/>iPhone 12 Pro<br \/>iPhone 12 Pro Max<br \/>iPhone 12 mini<br \/>iPhone 12<\/p>\n","protected":false},"excerpt":{"rendered":"<p>La bater\u00eda Para MagSafe se acopla como si nada y su dise\u00f1o es tan compacto que podr\u00e1s llev\u00e1rtela a todas partes. Adem\u00e1s, sus imanes se alinean a la perfecci\u00f3n para que puedas cargar el tel\u00e9fono sin cables y de forma segura. Como funciona autom\u00e1ticamente, no hace falta que enciendas ni apagues la bater\u00eda. Tampoco interfiere con tus llaves electr\u00f3nicas ni tus tarjetas de cr\u00e9dito.<\/p>\n<p><strong>Compatibilidad:<\/strong><\/p>\n<p>iPhone 14,\u00a0 Pro, Pro Max<\/p>\n<p>iPhone 13 Pro, Pro Max, Mini<br \/>iPhone 13<br \/>iPhone 12 Pro<br \/>iPhone 12 Pro Max<br \/>iPhone 12 mini<br \/>iPhone 12<\/p>\n","protected":false},"featured_media":77646,"template":"","meta":[],"product_brand":[],"product_cat":[17,852,853],"product_tag":[879],"class_list":{"0":"post-77605","1":"product","2":"type-product","3":"status-publish","4":"has-post-thumbnail","6":"product_cat-bat","7":"product_cat-cargador-de-pared","8":"product_cat-cargador-portatil","9":"product_tag-cargiphone","11":"first","12":"outofstock","13":"shipping-taxable","14":"purchasable","15":"product-type-simple"},"_links":{"self":[{"href":"https:\/\/paratucelu.com.ar\/tienda\/wp-json\/wp\/v2\/product\/77605","targetHints":{"allow":["GET"]}}],"collection":[{"href":"https:\/\/paratucelu.com.ar\/tienda\/wp-json\/wp\/v2\/product"}],"about":[{"href":"https:\/\/paratucelu.com.ar\/tienda\/wp-json\/wp\/v2\/types\/product"}],"wp:featuredmedia":[{"embeddable":true,"href":"https:\/\/paratucelu.com.ar\/tienda\/wp-json\/wp\/v2\/media\/77646"}],"wp:attachment":[{"href":"https:\/\/paratucelu.com.ar\/tienda\/wp-json\/wp\/v2\/media?parent=77605"}],"wp:term":[{"taxonomy":"product_brand","embeddable":true,"href":"https:\/\/paratucelu.com.ar\/tienda\/wp-json\/wp\/v2\/product_brand?post=77605"},{"taxonomy":"product_cat","embeddable":true,"href":"https:\/\/paratucelu.com.ar\/tienda\/wp-json\/wp\/v2\/product_cat?post=77605"},{"taxonomy":"product_tag","embeddable":true,"href":"https:\/\/paratucelu.com.ar\/tienda\/wp-json\/wp\/v2\/product_tag?post=77605"}],"curies":[{"name":"wp","href":"https:\/\/api.w.org\/{rel}","templated":true}]}}