{"id":86215,"date":"2023-08-31T12:16:25","date_gmt":"2023-08-31T15:16:25","guid":{"rendered":"https:\/\/paratucelu.com.ar\/tienda\/?post_type=product&#038;p=86215"},"modified":"2025-04-14T16:46:54","modified_gmt":"2025-04-14T19:46:54","slug":"cargador-cabezal-imega-2usb-2-4a-sin-cable-copia","status":"publish","type":"product","link":"https:\/\/paratucelu.com.ar\/tienda\/producto\/cargador-cabezal-imega-2usb-2-4a-sin-cable-copia\/","title":{"rendered":"CARGADOR CABEZAL DINAX TIPO C QC30 PD30"},"content":{"rendered":"<p>Cargador Rapido en blister con cable y ficha microusb ONLY. Nueva presentacion<\/p>\n","protected":false},"excerpt":{"rendered":"<p>USB PD (Power Delivery) es una <b>tecnolog\u00eda de carga r\u00e1pida que alcanza una potencia de hasta 100W<\/b>, permitiendo ir m\u00e1s all\u00e1 de la carga de m\u00f3viles y peque\u00f1os dispositivos y llegando incluso a alimentar ordenadores, monitores o port\u00e1tiles. Es compatible con determinados dispositivos Apple y Android. 1.<\/p>\n","protected":false},"featured_media":86216,"template":"","meta":[],"product_brand":[],"product_cat":[852],"product_tag":[1262,884,1268],"class_list":{"0":"post-86215","1":"product","2":"type-product","3":"status-publish","4":"has-post-thumbnail","6":"product_cat-cargador-de-pared","7":"product_tag-cabezal-tipo-c","8":"product_tag-cargusb","9":"product_tag-dinax","11":"first","12":"outofstock","13":"shipping-taxable","14":"purchasable","15":"product-type-simple"},"_links":{"self":[{"href":"https:\/\/paratucelu.com.ar\/tienda\/wp-json\/wp\/v2\/product\/86215","targetHints":{"allow":["GET"]}}],"collection":[{"href":"https:\/\/paratucelu.com.ar\/tienda\/wp-json\/wp\/v2\/product"}],"about":[{"href":"https:\/\/paratucelu.com.ar\/tienda\/wp-json\/wp\/v2\/types\/product"}],"wp:featuredmedia":[{"embeddable":true,"href":"https:\/\/paratucelu.com.ar\/tienda\/wp-json\/wp\/v2\/media\/86216"}],"wp:attachment":[{"href":"https:\/\/paratucelu.com.ar\/tienda\/wp-json\/wp\/v2\/media?parent=86215"}],"wp:term":[{"taxonomy":"product_brand","embeddable":true,"href":"https:\/\/paratucelu.com.ar\/tienda\/wp-json\/wp\/v2\/product_brand?post=86215"},{"taxonomy":"product_cat","embeddable":true,"href":"https:\/\/paratucelu.com.ar\/tienda\/wp-json\/wp\/v2\/product_cat?post=86215"},{"taxonomy":"product_tag","embeddable":true,"href":"https:\/\/paratucelu.com.ar\/tienda\/wp-json\/wp\/v2\/product_tag?post=86215"}],"curies":[{"name":"wp","href":"https:\/\/api.w.org\/{rel}","templated":true}]}}