{"id":95019,"date":"2024-03-28T13:23:27","date_gmt":"2024-03-28T16:23:27","guid":{"rendered":"https:\/\/paratucelu.com.ar\/tienda\/?post_type=product&#038;p=95019"},"modified":"2024-05-21T11:47:04","modified_gmt":"2024-05-21T14:47:04","slug":"cordon-correa-colgante-para-celular-copia","status":"publish","type":"product","link":"https:\/\/paratucelu.com.ar\/tienda\/producto\/cordon-correa-colgante-para-celular-copia\/","title":{"rendered":"PULSERA MU\u00d1EQUERA PARA CELULAR ANTI CAIDA"},"content":{"rendered":"<p>Funda sumergible.<\/p>\n<p>Generica.<\/p>\n<p>Waterproof: a prueba de agua.<\/p>\n<p>Paso de sonido.<\/p>\n<p>No anula touch.<\/p>\n<p>Fotos claras.<\/p>\n<p>Incluye banda para brazo y correa.<\/p>\n","protected":false},"excerpt":{"rendered":"<p>Se coloca en tu funda, a trav\u00e9s del puerto del carga. Es compatible con todas las fundas! Solo retira el celular de la funda, apoya al adaptador con la felpa hacia arriba, desplaza la leng\u00fceta a trav\u00e9s del puerto de carga y listo. Solo resta colocar el gancho mosquet\u00f3n del cord\u00f3n.<\/p>\n<p>Cord\u00f3n universal premium, forrado, lavable, deslizable, hipoalerg\u00e9nico y el mas resistente del mercado! Mantiene tu tel\u00e9fono protegido y accesible en todo momento.<\/p>\n","protected":false},"featured_media":95020,"template":"","meta":[],"product_brand":[],"product_cat":[866],"product_tag":[890],"class_list":{"0":"post-95019","1":"product","2":"type-product","3":"status-publish","4":"has-post-thumbnail","6":"product_cat-pequeneces","7":"product_tag-otras-fundas-universales","9":"first","10":"outofstock","11":"shipping-taxable","12":"purchasable","13":"product-type-simple"},"_links":{"self":[{"href":"https:\/\/paratucelu.com.ar\/tienda\/wp-json\/wp\/v2\/product\/95019","targetHints":{"allow":["GET"]}}],"collection":[{"href":"https:\/\/paratucelu.com.ar\/tienda\/wp-json\/wp\/v2\/product"}],"about":[{"href":"https:\/\/paratucelu.com.ar\/tienda\/wp-json\/wp\/v2\/types\/product"}],"wp:featuredmedia":[{"embeddable":true,"href":"https:\/\/paratucelu.com.ar\/tienda\/wp-json\/wp\/v2\/media\/95020"}],"wp:attachment":[{"href":"https:\/\/paratucelu.com.ar\/tienda\/wp-json\/wp\/v2\/media?parent=95019"}],"wp:term":[{"taxonomy":"product_brand","embeddable":true,"href":"https:\/\/paratucelu.com.ar\/tienda\/wp-json\/wp\/v2\/product_brand?post=95019"},{"taxonomy":"product_cat","embeddable":true,"href":"https:\/\/paratucelu.com.ar\/tienda\/wp-json\/wp\/v2\/product_cat?post=95019"},{"taxonomy":"product_tag","embeddable":true,"href":"https:\/\/paratucelu.com.ar\/tienda\/wp-json\/wp\/v2\/product_tag?post=95019"}],"curies":[{"name":"wp","href":"https:\/\/api.w.org\/{rel}","templated":true}]}}